{"id":1223,"date":"2016-02-02T12:05:19","date_gmt":"2016-02-02T12:05:19","guid":{"rendered":"http:\/\/jaroseair.proficio.cz\/?page_id=1223"},"modified":"2018-03-02T16:52:34","modified_gmt":"2018-03-02T15:52:34","slug":"references","status":"publish","type":"page","link":"https:\/\/www.jaro-seair.cz\/en\/references\/","title":{"rendered":"References"},"content":{"rendered":"<p>[vc_row][vc_column width=&#8221;5\/6&#8243;][vc_row_inner][vc_column_inner width=&#8221;1\/4&#8243;][vc_empty_space height=&#8221;20px&#8221;][vc_single_image image=&#8221;923&#8243; img_size=&#8221;full&#8221; alignment=&#8221;center&#8221;][\/vc_column_inner][vc_column_inner width=&#8221;3\/4&#8243;][vc_column_text]<\/p>\n<h3>NOTINO<\/h3>\n<p><em>\u201cI greatly appreciate cooperation with the JaRo Sea + Air Services company because this company is able and willing to provide information to the extent where its competitors lack sufficient knowledge and stay breathless. JaRo company has extremely hard working staff; no unusual request can ever stop them. I also appreciate the fact that they really think about the job. I \u2013 as a customer \u2013 had my personal experience as I needed to arrange something according to my usual habits and the JaRo company staff pointed out that the situation could be solved differently and suggested a more acceptable option. This is exactly the proactive approach I expect when cooperating with a partner. There are actually a lot of suppliers; however, only a partner is able to stay on top of things, give advice, is interested in developing a joint business and always comes with something extra. This is the added value of the JaRo company and as such it cannot be fully paid. <\/em><\/p>\n<p><em>They will provide you with the so called turnkey transport and help you negotiate better transport conditions with the supplier; or they can overtake the entire communication with the supplier and then offer optimization of transport conditions. I consult our very unusual inquiries only with this company. Our inquiries involve for example entering new markets, transport of dangerous substances, possibility of even faster delivery than the express one, customs-related matters and a number of other requirements that I could include in the category &#8220;for dab hands&#8221;. I like their credo, which says, &#8220;We cannot prevent all the problems but we guarantee that we will face them and try to solve them.&#8221;<\/em> <em>It&#8217;s a tough commitment but the company has gained my favour and recommendations thanks to its willingness, professionalism and excellent prices.<\/em>\u201d<\/p>\n<p>&nbsp;<\/p>\n<article class=\"clearfix\">\n<p class=\"pull-right name\" style=\"text-align: right;\"><strong>P\u0159emysl Ostarek, Transport Manager, Notino<\/strong><\/p>\n<\/article>\n<p>[\/vc_column_text][vc_empty_space height=&#8221;20px&#8221;][vc_separator][\/vc_column_inner][\/vc_row_inner][\/vc_column][vc_column width=&#8221;1\/6&#8243;][\/vc_column][\/vc_row][vc_row][vc_column width=&#8221;5\/6&#8243;][vc_empty_space height=&#8221;52px&#8221;][vc_row_inner][vc_column_inner width=&#8221;1\/4&#8243;][vc_empty_space height=&#8221;5px&#8221;][vc_single_image image=&#8221;921&#8243; img_size=&#8221;full&#8221; alignment=&#8221;center&#8221;][\/vc_column_inner][vc_column_inner width=&#8221;3\/4&#8243;][vc_column_text]<\/p>\n<h3>FairFox spol. s r.o.<\/h3>\n<p><em>\u201cWe have been working with the JaRo company for several years and we\u00b4re very satisfied with the complexity and quality of the service they are provided. Nowadays shipping from Far East \u00a0means for us just writing one e-mail with an order and then receipt the goods in our warehouse. I could only \u00a0highly recommend them.<\/em>\u201d<\/p>\n<article class=\"clearfix\">\n<p class=\"pull-right name\" style=\"text-align: right;\"><strong>Dana Anto\u0161\u00edkov\u00e1, CEO, FairFox spol. s\u00a0r.o.<\/strong><\/p>\n<\/article>\n<p>[\/vc_column_text][vc_empty_space height=&#8221;20px&#8221;][vc_separator][\/vc_column_inner][\/vc_row_inner][vc_empty_space height=&#8221;52px&#8221;][\/vc_column][vc_column width=&#8221;1\/6&#8243;][\/vc_column][\/vc_row][vc_row][vc_column width=&#8221;5\/6&#8243;][vc_row_inner][vc_column_inner width=&#8221;1\/4&#8243;][vc_empty_space height=&#8221;20px&#8221;][vc_single_image image=&#8221;1061&#8243; img_size=&#8221;full&#8221; alignment=&#8221;center&#8221;][\/vc_column_inner][vc_column_inner width=&#8221;3\/4&#8243;][vc_column_text]<\/p>\n<h3>BONAPARTE<\/h3>\n<p><em>\u201cCooperation with the JaRo company has gradually become a more friendly relationship than a business one.<\/em> <em>We know just anything about each other; and the most important thing for us is that we can fully rely on the employees of the company as they understand their work, offer the best solutions, and they work fast and independently. Do appreciate that.\u201d<\/em><\/p>\n<article class=\"clearfix\">\n<article class=\"clearfix\">\n<p class=\"pull-right name\" style=\"text-align: right;\"><strong>Ludmila Moure\u010dkov\u00e1 &amp; Mgr. V\u00e1clav Uzl\u00edk \u2013 fy BONAPARTE<\/strong><\/p>\n<\/article>\n<p class=\"pull-right name\" style=\"text-align: right;\"><strong>\u00a0<\/strong><\/p>\n<\/article>\n<p>[\/vc_column_text][vc_separator][\/vc_column_inner][\/vc_row_inner][vc_empty_space height=&#8221;52px&#8221;][\/vc_column][vc_column width=&#8221;1\/6&#8243;][\/vc_column][\/vc_row][vc_row][vc_column width=&#8221;5\/6&#8243;][vc_row_inner][vc_column_inner width=&#8221;1\/4&#8243;][vc_empty_space height=&#8221;10px&#8221;][vc_single_image image=&#8221;922&#8243; img_size=&#8221;full&#8221; alignment=&#8221;center&#8221;][\/vc_column_inner][vc_column_inner width=&#8221;3\/4&#8243;][vc_column_text]<\/p>\n<h3>LOGISTICS<\/h3>\n<p><em>\u201cJaRo Sea &amp; Air Services s.r.o<\/em><em>. has managed to<\/em> <em>understand the philosophy and needs of our company and therefore it is a partner for us whom we can confidently address when dealing with our shipments. We consider this company&#8217;s approach as professional and we are very satisfied with results of their work.\u201d<\/em><\/p>\n<article class=\"clearfix\">\n<article class=\"clearfix\">\n<article class=\"clearfix\">\n<p class=\"pull-right name\" style=\"text-align: right;\"><strong>ing. Bohum\u00edr Holman,Logistics manager<br \/>\n<\/strong><\/p>\n<\/article>\n<\/article>\n<\/article>\n<p>[\/vc_column_text][vc_empty_space height=&#8221;20px&#8221;][vc_separator][\/vc_column_inner][\/vc_row_inner][vc_empty_space height=&#8221;52px&#8221;][\/vc_column][vc_column width=&#8221;1\/6&#8243;][\/vc_column][\/vc_row][vc_row][vc_column width=&#8221;5\/6&#8243;][vc_row_inner][vc_column_inner width=&#8221;1\/4&#8243;][vc_empty_space height=&#8221;10px&#8221;][vc_single_image image=&#8221;925&#8243; img_size=&#8221;full&#8221; alignment=&#8221;center&#8221;][\/vc_column_inner][vc_column_inner width=&#8221;3\/4&#8243;][vc_column_text]<\/p>\n<h3>Stappert<\/h3>\n<p><em>\u201cI have been cooperating with JaRo Sea &amp; Air Services for more than 5 years, and I\u00b4m very satisfied with this cooperation over the years. I especially appreciate the individual approach to each order, flexibility, helpfulness and willingness to deal with even non-standard situations. I can always rely on expert advice on shipping or customs clearance, too. Highly recommended!\u201d<\/em><\/p>\n<article class=\"clearfix\">\n<article class=\"clearfix\">\n<article class=\"clearfix\">\n<p class=\"pull-right name\" style=\"text-align: right;\"><strong>Bc. Jan Jel\u00ednek, Customs &amp; logistics specialist<br \/>\n<\/strong><\/p>\n<\/article>\n<\/article>\n<\/article>\n<p>[\/vc_column_text][vc_empty_space height=&#8221;20px&#8221;][\/vc_column_inner][\/vc_row_inner][\/vc_column][vc_column width=&#8221;1\/6&#8243;][\/vc_column][\/vc_row]<\/p>\n","protected":false},"excerpt":{"rendered":"<p>[vc_row][vc_column width=&#8221;5\/6&#8243;][vc_row_inner][vc_column_inner width=&#8221;1\/4&#8243;][vc_empty_space height=&#8221;20px&#8221;][vc_single_image image=&#8221;923&#8243; img_size=&#8221;full&#8221; alignment=&#8221;center&#8221;][\/vc_column_inner][vc_column_inner width=&#8221;3\/4&#8243;][vc_column_text] NOTINO \u201cI greatly appreciate cooperation with the JaRo Sea + Air Services company because this company is able and willing to provide information to the extent where its competitors lack sufficient knowledge and stay breathless. JaRo company has extremely hard working staff; no unusual request can ever [&hellip;]<\/p>\n","protected":false},"author":3,"featured_media":0,"parent":0,"menu_order":0,"comment_status":"closed","ping_status":"closed","template":"","meta":{"inline_featured_image":false,"footnotes":""},"class_list":["post-1223","page","type-page","status-publish","hentry"],"aioseo_notices":[],"_links":{"self":[{"href":"https:\/\/www.jaro-seair.cz\/en\/wp-json\/wp\/v2\/pages\/1223","targetHints":{"allow":["GET"]}}],"collection":[{"href":"https:\/\/www.jaro-seair.cz\/en\/wp-json\/wp\/v2\/pages"}],"about":[{"href":"https:\/\/www.jaro-seair.cz\/en\/wp-json\/wp\/v2\/types\/page"}],"author":[{"embeddable":true,"href":"https:\/\/www.jaro-seair.cz\/en\/wp-json\/wp\/v2\/users\/3"}],"replies":[{"embeddable":true,"href":"https:\/\/www.jaro-seair.cz\/en\/wp-json\/wp\/v2\/comments?post=1223"}],"version-history":[{"count":3,"href":"https:\/\/www.jaro-seair.cz\/en\/wp-json\/wp\/v2\/pages\/1223\/revisions"}],"predecessor-version":[{"id":1364,"href":"https:\/\/www.jaro-seair.cz\/en\/wp-json\/wp\/v2\/pages\/1223\/revisions\/1364"}],"wp:attachment":[{"href":"https:\/\/www.jaro-seair.cz\/en\/wp-json\/wp\/v2\/media?parent=1223"}],"curies":[{"name":"wp","href":"https:\/\/api.w.org\/{rel}","templated":true}]}}